{"id":292,"date":"2017-06-21T04:59:35","date_gmt":"2017-06-21T04:59:35","guid":{"rendered":"http:\/\/smartdata.tonytemplates.com\/cleaning-service\/?page_id=292"},"modified":"2022-01-20T13:34:31","modified_gmt":"2022-01-20T13:34:31","slug":"menage-nettoyage-hygiene-desinfection-depoussierage-2","status":"publish","type":"page","link":"https:\/\/ab-environnement.fr\/?page_id=292","title":{"rendered":"Nos Services"},"content":{"rendered":"<p>[vc_row css=&#8221;.vc_custom_1549520805655{margin-top: -25px !important;}&#8221;][vc_column][vc_column_text css=&#8221;.vc_custom_1635336820279{margin-bottom: 0px !important;}&#8221;]<\/p>\n<h2 class=\"text-center h-lg h-decor\">Nos Services<\/h2>\n<div class=\"text-center max-800\">\n<p class=\"p-lg\">Chez AB-Environnement, nos sp\u00e9cialistes du nettoyage hautement qualifi\u00e9s et exp\u00e9riment\u00e9s proposent des services de nettoyage complets et organis\u00e9s pour les clients.<\/p>\n<\/div>\n<p>[\/vc_column_text][\/vc_column][\/vc_row][vc_row el_class=&#8221;block&#8221;][vc_column]\n\n        <div class=\"services-grid style-2 services-mobile-carousel\">\n                <div class=\"col-xs-6 col-sm-4 col-md-4 service-box\">\n              \n                <img decoding=\"async\" src=\"https:\/\/ab-environnement.fr\/wp-content\/uploads\/2019\/02\/service-img-9.jpg\" alt=\"Services Images\">\n                                 <h4 class=\"service-box-title\">Nettoyage et entretient de bureaux<\/h4>\n            <div class=\"service-box-text\">Depuis plus de 20 ans nos \u00e9quipes ce sont sp\u00e9cialis\u00e9es dans le nettoyage de bureaux ce qui leur ont permis d\u2019acqu\u00e9rir de nombreuse m\u00e9thodes bien \u00e0 eux afin de vous rendre un r\u00e9sultat parfais.<\/div>\n                    <\/div>\n\n            <div class=\"col-xs-6 col-sm-4 col-md-4 service-box\">\n              \n                <img decoding=\"async\" src=\"https:\/\/ab-environnement.fr\/wp-content\/uploads\/2019\/02\/service-img-8.jpg\" alt=\"Services Images\">\n                                 <h4 class=\"service-box-title\">Entretien d'immeubles<\/h4>\n            <div class=\"service-box-text\">Dans l\u2019immeuble et les parties communes, il est important de garder un environnement sein et propre. L\u2019entretiens des halles d\u2019escalier, entr\u00e9es de b\u00e2timents devanture d\u2019immeuble, organisation pour la sortis des conteneurs de poubelles puis effectuer la rotation et le nettoyage des conteneurs de poubelle. <strong><em>Transport et mise en d\u00e9ch\u00e8terie des divers encombrants. <\/em><\/strong><\/div>\n                    <\/div>\n\n            <div class=\"col-xs-6 col-sm-4 col-md-4 service-box\">\n              \n                <img decoding=\"async\" src=\"https:\/\/ab-environnement.fr\/wp-content\/uploads\/2019\/02\/service-img-4.jpg\" alt=\"Services Images\">\n                                 <h4 class=\"service-box-title\">Nettoyage et entretien de salle de spectacle<\/h4>\n            <div class=\"service-box-text\">Lorsque vous organisez un spectacle, un \u00e9v\u00e8nement, un s\u00e9minaire ou autre organisation qui vous demande une salle de spectacle propre et pr\u00e9sentable pour vos futurs arrivants, nous nous occupons de mettre en \u00e9tat de propret\u00e9s selon les besoins dont vous n\u00e9cessit\u00e9. Nous r\u00e9pondrons a vos attentes afin que vous puissiez accueillir vos clients dans les meilleurs conditions.<\/div>\n                    <\/div>\n\n            <div class=\"col-xs-6 col-sm-4 col-md-4 service-box\">\n              \n                <img decoding=\"async\" src=\"https:\/\/ab-environnement.fr\/wp-content\/uploads\/2019\/02\/service-img-3.jpg\" alt=\"Services Images\">\n                                 <h4 class=\"service-box-title\">Remise en \u00e9tat<\/h4>\n            <div class=\"service-box-text\">Lors d\u2019une remise en \u00e9tat de b\u00e2timent, bureau, d\u00e9p\u00f4ts, local, appartement, maison, immeuble\u2026 nous sommes \u00e0 votre \u00e9coute afin de r\u00e9pondre au mieux en \u00e9tant au plus proche de vos demandes.<\/div>\n                    <\/div>\n\n            <div class=\"col-xs-6 col-sm-4 col-md-4 service-box\">\n              \n                <img decoding=\"async\" src=\"https:\/\/ab-environnement.fr\/wp-content\/uploads\/2019\/02\/service-img-5.jpg\" alt=\"Services Images\">\n                                 <h4 class=\"service-box-title\">Nettoyage et entretien d'usines et d'ateliers<\/h4>\n            <div class=\"service-box-text\">Au plus proche des attentes de l\u2019entretien de salles de spectacles ou de remises en \u00e9tats, nous d\u00e9ployons nos \u00e9quipes accompagn\u00e9es mat\u00e9riels tel que les mono-brosses, auto-laveuse, karcher pour garantir un entretiens parfais.<\/div>\n                    <\/div>\n\n            <div class=\"col-xs-6 col-sm-4 col-md-4 service-box\">\n              \n                <img decoding=\"async\" src=\"https:\/\/ab-environnement.fr\/wp-content\/uploads\/2019\/02\/service-img-7.jpg\" alt=\"Services Images\">\n                                 <h4 class=\"service-box-title\">Entretien des vitres<\/h4>\n            <div class=\"service-box-text\">Pour une vitrine devantures de bureau, boutiques, magasins, il est important pour vous d\u2019avoir une vitrine propre et soign\u00e9. Nous nous occupons de l\u2019entretiens de ses ces vitrines afin d\u2019accueillir au mieux vos futures clients.<\/div>\n                    <\/div>\n\n            <div class=\"col-xs-6 col-sm-4 col-md-4 service-box\">\n              \n                <img decoding=\"async\" src=\"https:\/\/ab-environnement.fr\/wp-content\/uploads\/2019\/02\/service-img-2.jpg\" alt=\"Services Images\">\n                                 <h4 class=\"service-box-title\">Entretien d\u2019espaces verts<\/h4>\n            <div class=\"service-box-text\">Ramassage des ordures d\u00e9poser dans les espaces verts et entretiens de vos espaces verts ; tonte de pelouse, \u00e9lagage, abattage avec transport et mise en d\u00e9ch\u00e8terie des d\u00e9chets verts.<\/div>\n                    <\/div>\n\n                <\/div>\n        [\/vc_column][\/vc_row]<\/p>\n","protected":false},"excerpt":{"rendered":"<p>[vc_row css=&#8221;.vc_custom_1549520805655{margin-top: -25px !important;}&#8221;][vc_column][vc_column_text css=&#8221;.vc_custom_1635336820279{margin-bottom: 0px !important;}&#8221;] Nos Services Chez AB-Environnement, nos sp\u00e9cialistes du nettoyage hautement qualifi\u00e9s et exp\u00e9riment\u00e9s proposent des services de nettoyage complets et organis\u00e9s pour les clients. [\/vc_column_text][\/vc_column][\/vc_row][vc_row el_class=&#8221;block&#8221;][vc_column][\/vc_column][\/vc_row]<\/p>\n","protected":false},"author":1,"featured_media":0,"parent":0,"menu_order":0,"comment_status":"closed","ping_status":"closed","template":"","meta":{"footnotes":""},"class_list":["post-292","page","type-page","status-publish","hentry"],"yoast_head":"<!-- This site is optimized with the Yoast SEO plugin v27.3 - https:\/\/yoast.com\/product\/yoast-seo-wordpress\/ -->\n<title>Nos Services - Entreprise de nettoyage<\/title>\n<meta name=\"description\" content=\"AB-Environnement est une entreprise de nettoyage. Sp\u00e9cialiste du m\u00e9nage de l\u2019hygi\u00e8ne de la d\u00e9sinfection et du d\u00e9poussi\u00e9rage.\" \/>\n<meta name=\"robots\" content=\"index, follow, max-snippet:-1, max-image-preview:large, max-video-preview:-1\" \/>\n<link rel=\"canonical\" href=\"https:\/\/ab-environnement.fr\/?page_id=292\" \/>\n<meta property=\"og:locale\" content=\"fr_FR\" \/>\n<meta property=\"og:type\" content=\"article\" \/>\n<meta property=\"og:title\" content=\"Nos Services - Entreprise de nettoyage\" \/>\n<meta property=\"og:description\" content=\"AB-Environnement est une entreprise de nettoyage. Sp\u00e9cialiste du m\u00e9nage de l\u2019hygi\u00e8ne de la d\u00e9sinfection et du d\u00e9poussi\u00e9rage.\" \/>\n<meta property=\"og:url\" content=\"https:\/\/ab-environnement.fr\/?page_id=292\" \/>\n<meta property=\"og:site_name\" content=\"Entreprise de nettoyage\" \/>\n<meta property=\"article:modified_time\" content=\"2022-01-20T13:34:31+00:00\" \/>\n<meta name=\"twitter:card\" content=\"summary_large_image\" \/>\n<meta name=\"twitter:label1\" content=\"Dur\u00e9e de lecture estim\u00e9e\" \/>\n\t<meta name=\"twitter:data1\" content=\"2 minutes\" \/>\n<script type=\"application\/ld+json\" class=\"yoast-schema-graph\">{\"@context\":\"https:\\\/\\\/schema.org\",\"@graph\":[{\"@type\":\"WebPage\",\"@id\":\"https:\\\/\\\/ab-environnement.fr\\\/?page_id=292\",\"url\":\"https:\\\/\\\/ab-environnement.fr\\\/?page_id=292\",\"name\":\"Nos Services - Entreprise de nettoyage\",\"isPartOf\":{\"@id\":\"https:\\\/\\\/ab-environnement.fr\\\/#website\"},\"datePublished\":\"2017-06-21T04:59:35+00:00\",\"dateModified\":\"2022-01-20T13:34:31+00:00\",\"description\":\"AB-Environnement est une entreprise de nettoyage. Sp\u00e9cialiste du m\u00e9nage de l\u2019hygi\u00e8ne de la d\u00e9sinfection et du d\u00e9poussi\u00e9rage.\",\"breadcrumb\":{\"@id\":\"https:\\\/\\\/ab-environnement.fr\\\/?page_id=292#breadcrumb\"},\"inLanguage\":\"fr-FR\",\"potentialAction\":[{\"@type\":\"ReadAction\",\"target\":[\"https:\\\/\\\/ab-environnement.fr\\\/?page_id=292\"]}]},{\"@type\":\"BreadcrumbList\",\"@id\":\"https:\\\/\\\/ab-environnement.fr\\\/?page_id=292#breadcrumb\",\"itemListElement\":[{\"@type\":\"ListItem\",\"position\":1,\"name\":\"Home\",\"item\":\"https:\\\/\\\/ab-environnement.fr\\\/\"},{\"@type\":\"ListItem\",\"position\":2,\"name\":\"Nos Services\"}]},{\"@type\":\"WebSite\",\"@id\":\"https:\\\/\\\/ab-environnement.fr\\\/#website\",\"url\":\"https:\\\/\\\/ab-environnement.fr\\\/\",\"name\":\"Entreprise de nettoyage\",\"description\":\"La propret\u00e9 au service de votre environnement\",\"publisher\":{\"@id\":\"https:\\\/\\\/ab-environnement.fr\\\/#organization\"},\"potentialAction\":[{\"@type\":\"SearchAction\",\"target\":{\"@type\":\"EntryPoint\",\"urlTemplate\":\"https:\\\/\\\/ab-environnement.fr\\\/?s={search_term_string}\"},\"query-input\":{\"@type\":\"PropertyValueSpecification\",\"valueRequired\":true,\"valueName\":\"search_term_string\"}}],\"inLanguage\":\"fr-FR\"},{\"@type\":\"Organization\",\"@id\":\"https:\\\/\\\/ab-environnement.fr\\\/#organization\",\"name\":\"AB-environnement\",\"url\":\"https:\\\/\\\/ab-environnement.fr\\\/\",\"logo\":{\"@type\":\"ImageObject\",\"inLanguage\":\"fr-FR\",\"@id\":\"https:\\\/\\\/ab-environnement.fr\\\/#\\\/schema\\\/logo\\\/image\\\/\",\"url\":\"https:\\\/\\\/ab-environnement.fr\\\/wp-content\\\/uploads\\\/2020\\\/12\\\/LogoAB.png\",\"contentUrl\":\"https:\\\/\\\/ab-environnement.fr\\\/wp-content\\\/uploads\\\/2020\\\/12\\\/LogoAB.png\",\"width\":272,\"height\":109,\"caption\":\"AB-environnement\"},\"image\":{\"@id\":\"https:\\\/\\\/ab-environnement.fr\\\/#\\\/schema\\\/logo\\\/image\\\/\"}}]}<\/script>\n<!-- \/ Yoast SEO plugin. -->","yoast_head_json":{"title":"Nos Services - Entreprise de nettoyage","description":"AB-Environnement est une entreprise de nettoyage. Sp\u00e9cialiste du m\u00e9nage de l\u2019hygi\u00e8ne de la d\u00e9sinfection et du d\u00e9poussi\u00e9rage.","robots":{"index":"index","follow":"follow","max-snippet":"max-snippet:-1","max-image-preview":"max-image-preview:large","max-video-preview":"max-video-preview:-1"},"canonical":"https:\/\/ab-environnement.fr\/?page_id=292","og_locale":"fr_FR","og_type":"article","og_title":"Nos Services - Entreprise de nettoyage","og_description":"AB-Environnement est une entreprise de nettoyage. Sp\u00e9cialiste du m\u00e9nage de l\u2019hygi\u00e8ne de la d\u00e9sinfection et du d\u00e9poussi\u00e9rage.","og_url":"https:\/\/ab-environnement.fr\/?page_id=292","og_site_name":"Entreprise de nettoyage","article_modified_time":"2022-01-20T13:34:31+00:00","twitter_card":"summary_large_image","twitter_misc":{"Dur\u00e9e de lecture estim\u00e9e":"2 minutes"},"schema":{"@context":"https:\/\/schema.org","@graph":[{"@type":"WebPage","@id":"https:\/\/ab-environnement.fr\/?page_id=292","url":"https:\/\/ab-environnement.fr\/?page_id=292","name":"Nos Services - Entreprise de nettoyage","isPartOf":{"@id":"https:\/\/ab-environnement.fr\/#website"},"datePublished":"2017-06-21T04:59:35+00:00","dateModified":"2022-01-20T13:34:31+00:00","description":"AB-Environnement est une entreprise de nettoyage. Sp\u00e9cialiste du m\u00e9nage de l\u2019hygi\u00e8ne de la d\u00e9sinfection et du d\u00e9poussi\u00e9rage.","breadcrumb":{"@id":"https:\/\/ab-environnement.fr\/?page_id=292#breadcrumb"},"inLanguage":"fr-FR","potentialAction":[{"@type":"ReadAction","target":["https:\/\/ab-environnement.fr\/?page_id=292"]}]},{"@type":"BreadcrumbList","@id":"https:\/\/ab-environnement.fr\/?page_id=292#breadcrumb","itemListElement":[{"@type":"ListItem","position":1,"name":"Home","item":"https:\/\/ab-environnement.fr\/"},{"@type":"ListItem","position":2,"name":"Nos Services"}]},{"@type":"WebSite","@id":"https:\/\/ab-environnement.fr\/#website","url":"https:\/\/ab-environnement.fr\/","name":"Entreprise de nettoyage","description":"La propret\u00e9 au service de votre environnement","publisher":{"@id":"https:\/\/ab-environnement.fr\/#organization"},"potentialAction":[{"@type":"SearchAction","target":{"@type":"EntryPoint","urlTemplate":"https:\/\/ab-environnement.fr\/?s={search_term_string}"},"query-input":{"@type":"PropertyValueSpecification","valueRequired":true,"valueName":"search_term_string"}}],"inLanguage":"fr-FR"},{"@type":"Organization","@id":"https:\/\/ab-environnement.fr\/#organization","name":"AB-environnement","url":"https:\/\/ab-environnement.fr\/","logo":{"@type":"ImageObject","inLanguage":"fr-FR","@id":"https:\/\/ab-environnement.fr\/#\/schema\/logo\/image\/","url":"https:\/\/ab-environnement.fr\/wp-content\/uploads\/2020\/12\/LogoAB.png","contentUrl":"https:\/\/ab-environnement.fr\/wp-content\/uploads\/2020\/12\/LogoAB.png","width":272,"height":109,"caption":"AB-environnement"},"image":{"@id":"https:\/\/ab-environnement.fr\/#\/schema\/logo\/image\/"}}]}},"_links":{"self":[{"href":"https:\/\/ab-environnement.fr\/index.php?rest_route=\/wp\/v2\/pages\/292","targetHints":{"allow":["GET"]}}],"collection":[{"href":"https:\/\/ab-environnement.fr\/index.php?rest_route=\/wp\/v2\/pages"}],"about":[{"href":"https:\/\/ab-environnement.fr\/index.php?rest_route=\/wp\/v2\/types\/page"}],"author":[{"embeddable":true,"href":"https:\/\/ab-environnement.fr\/index.php?rest_route=\/wp\/v2\/users\/1"}],"replies":[{"embeddable":true,"href":"https:\/\/ab-environnement.fr\/index.php?rest_route=%2Fwp%2Fv2%2Fcomments&post=292"}],"version-history":[{"count":8,"href":"https:\/\/ab-environnement.fr\/index.php?rest_route=\/wp\/v2\/pages\/292\/revisions"}],"predecessor-version":[{"id":1461,"href":"https:\/\/ab-environnement.fr\/index.php?rest_route=\/wp\/v2\/pages\/292\/revisions\/1461"}],"wp:attachment":[{"href":"https:\/\/ab-environnement.fr\/index.php?rest_route=%2Fwp%2Fv2%2Fmedia&parent=292"}],"curies":[{"name":"wp","href":"https:\/\/api.w.org\/{rel}","templated":true}]}}