{"id":302,"date":"2017-06-21T05:00:59","date_gmt":"2017-06-21T05:00:59","guid":{"rendered":"http:\/\/smartdata.tonytemplates.com\/cleaning-service\/?page_id=302"},"modified":"2021-10-27T08:37:34","modified_gmt":"2021-10-27T08:37:34","slug":"contacts","status":"publish","type":"page","link":"https:\/\/ab-environnement.fr\/?page_id=302","title":{"rendered":"Contact"},"content":{"rendered":"<p>[vc_row css=&#8221;.vc_custom_1549604298806{margin-top: -25px !important;}&#8221;][vc_column][vc_column_text]<\/p>\n<h1 class=\"text-center h-decor\">Contact<\/h1>\n<p>[\/vc_column_text][\/vc_column][\/vc_row][vc_row el_class=&#8221;Contact-pages-1&#8243;][vc_column el_class=&#8221;side-contact-1&#8243;][vc_column_text]Contactez Nous (Pour postuler merci de joindre une lettre de motivation et un CV)[\/vc_column_text]\n<div class=\"wpcf7 no-js\" id=\"wpcf7-f476-o1\" lang=\"en-US\" dir=\"ltr\" data-wpcf7-id=\"476\">\n<div class=\"screen-reader-response\"><p role=\"status\" aria-live=\"polite\" aria-atomic=\"true\"><\/p> <ul><\/ul><\/div>\n<form action=\"\/index.php?rest_route=%2Fwp%2Fv2%2Fpages%2F302#wpcf7-f476-o1\" method=\"post\" class=\"wpcf7-form init\" aria-label=\"Contact form\" enctype=\"multipart\/form-data\" novalidate=\"novalidate\" data-status=\"init\">\n<fieldset class=\"hidden-fields-container\"><input type=\"hidden\" name=\"_wpcf7\" value=\"476\" \/><input type=\"hidden\" name=\"_wpcf7_version\" value=\"6.1.5\" \/><input type=\"hidden\" name=\"_wpcf7_locale\" value=\"en_US\" \/><input type=\"hidden\" name=\"_wpcf7_unit_tag\" value=\"wpcf7-f476-o1\" \/><input type=\"hidden\" name=\"_wpcf7_container_post\" value=\"0\" \/><input type=\"hidden\" name=\"_wpcf7_posted_data_hash\" value=\"\" \/>\n<\/fieldset>\n<div class=\"contact-form\" id=\"contactForm\" method=\"post\" novalidate=\"novalidate\" _lpchecked=\"1\">\n\t<div class=\"successform text-center\">\n\t\t<p>Votre message a bien \u00e9t\u00e9 envoy\u00e9!\n\t\t<\/p>\n\t<\/div>\n\t<div class=\"errorform text-center\">\n\t\t<p>Une erreur s'est produite, essayez d'actualiser et de renvoyer le formulaire.\n\t\t<\/p>\n\t<\/div>\n\t<div class=\"input-wrapper\">\n\t\t<p><span class=\"wpcf7-form-control-wrap\" data-name=\"your-name\"><input size=\"40\" maxlength=\"400\" class=\"wpcf7-form-control wpcf7-text wpcf7-validates-as-required form-control input-custom\" aria-required=\"true\" aria-invalid=\"false\" placeholder=\"Votre Nom\" value=\"\" type=\"text\" name=\"your-name\" \/><\/span>\n\t\t<\/p>\n\t<\/div>\n\t<div class=\"input-wrapper\">\n\t\t<p><span class=\"wpcf7-form-control-wrap\" data-name=\"your-prename\"><input size=\"40\" maxlength=\"400\" class=\"wpcf7-form-control wpcf7-text wpcf7-validates-as-required form-control input-custom\" aria-required=\"true\" aria-invalid=\"false\" placeholder=\"Votre Pr\u00e9nom\" value=\"\" type=\"text\" name=\"your-prename\" \/><\/span>\n\t\t<\/p>\n\t<\/div>\n\t<div class=\"input-wrapper\">\n\t\t<p><span class=\"wpcf7-form-control-wrap\" data-name=\"your-tel\"><input size=\"40\" maxlength=\"400\" class=\"wpcf7-form-control wpcf7-text wpcf7-validates-as-required form-control input-custom\" aria-required=\"true\" aria-invalid=\"false\" placeholder=\"T\u00e9l\u00e9phone\" value=\"\" type=\"text\" name=\"your-tel\" \/><\/span>\n\t\t<\/p>\n\t<\/div>\n\t<div class=\"input-wrapper\">\n\t\t<p><span class=\"wpcf7-form-control-wrap\" data-name=\"your-email\"><input size=\"40\" maxlength=\"400\" class=\"wpcf7-form-control wpcf7-email wpcf7-validates-as-required wpcf7-text wpcf7-validates-as-email form-control input-custom\" aria-required=\"true\" aria-invalid=\"false\" placeholder=\"Email\" value=\"\" type=\"email\" name=\"your-email\" \/><\/span>\n\t\t<\/p>\n\t<\/div>\n\t<div class=\"input-wrapper\">\n\t\t<p><span class=\"wpcf7-form-control-wrap\" data-name=\"checkbox-418\"><span class=\"wpcf7-form-control wpcf7-checkbox wpcf7-validates-as-required\"><span class=\"wpcf7-list-item first\"><label><input type=\"checkbox\" name=\"checkbox-418[]\" value=\"Demande de devis\" \/><span class=\"wpcf7-list-item-label\">Demande de devis<\/span><\/label><\/span><span class=\"wpcf7-list-item\"><label><input type=\"checkbox\" name=\"checkbox-418[]\" value=\"Nous contacter\" \/><span class=\"wpcf7-list-item-label\">Nous contacter<\/span><\/label><\/span><span class=\"wpcf7-list-item last\"><label><input type=\"checkbox\" name=\"checkbox-418[]\" value=\"Postuler\" \/><span class=\"wpcf7-list-item-label\">Postuler<\/span><\/label><\/span><\/span><\/span>\n\t\t<\/p>\n\t<\/div>\n\t<div class=\"input-wrapper\">\n\t\t<p><span class=\"wpcf7-form-control-wrap\" data-name=\"your-message\"><textarea cols=\"40\" rows=\"10\" maxlength=\"2000\" class=\"wpcf7-form-control wpcf7-textarea wpcf7-validates-as-required form-control textarea-custom\" aria-required=\"true\" aria-invalid=\"false\" placeholder=\"Message\" name=\"your-message\"><\/textarea><\/span>\n\t\t<\/p>\n\t<\/div>\n<\/div>\n<div class=\"input-wrapper\">\n\t<p><span class=\"wpcf7-form-control-wrap\" data-name=\"file-550\"><input size=\"40\" class=\"wpcf7-form-control wpcf7-file\" accept=\"audio\/*,video\/*,image\/*\" aria-invalid=\"false\" type=\"file\" name=\"file-550\" \/><\/span><br \/>\n<span class=\"wpcf7-form-control-wrap\" data-name=\"file-551\"><input size=\"40\" class=\"wpcf7-form-control wpcf7-file\" accept=\"audio\/*,video\/*,image\/*\" aria-invalid=\"false\" type=\"file\" name=\"file-551\" \/><\/span><br \/>\n<span class=\"wpcf7-form-control-wrap\" data-name=\"file-552\"><input size=\"40\" class=\"wpcf7-form-control wpcf7-file\" accept=\"audio\/*,video\/*,image\/*\" aria-invalid=\"false\" type=\"file\" name=\"file-552\" \/><\/span>\n\t<\/p>\n<\/div>\n<div class=\"text-center\">\n\t<p><input class=\"wpcf7-form-control wpcf7-submit has-spinner btn\" type=\"submit\" value=\"Envoyer\" \/>\n\t<\/p>\n<\/div>\n\n<div class=\"wpcf7-response-output\" aria-hidden=\"true\"><\/div>\n<\/form>\n<\/div>\n[\/vc_column][\/vc_row][vc_row][vc_column][vc_empty_space][\/vc_column][\/vc_row]<\/p>\n","protected":false},"excerpt":{"rendered":"<p>[vc_row css=&#8221;.vc_custom_1549604298806{margin-top: -25px !important;}&#8221;][vc_column][vc_column_text] Contact [\/vc_column_text][\/vc_column][\/vc_row][vc_row el_class=&#8221;Contact-pages-1&#8243;][vc_column el_class=&#8221;side-contact-1&#8243;][vc_column_text]Contactez Nous (Pour postuler merci de joindre une lettre de motivation et un CV)[\/vc_column_text][\/vc_column][\/vc_row][vc_row][vc_column][vc_empty_space][\/vc_column][\/vc_row]<\/p>\n","protected":false},"author":1,"featured_media":0,"parent":0,"menu_order":0,"comment_status":"closed","ping_status":"closed","template":"","meta":{"footnotes":""},"class_list":["post-302","page","type-page","status-publish","hentry"],"yoast_head":"<!-- This site is optimized with the Yoast SEO plugin v27.3 - https:\/\/yoast.com\/product\/yoast-seo-wordpress\/ -->\n<title>Contact - Entreprise de nettoyage<\/title>\n<meta name=\"robots\" content=\"index, follow, max-snippet:-1, max-image-preview:large, max-video-preview:-1\" \/>\n<link rel=\"canonical\" href=\"https:\/\/ab-environnement.fr\/?page_id=302\" \/>\n<meta property=\"og:locale\" content=\"fr_FR\" \/>\n<meta property=\"og:type\" content=\"article\" \/>\n<meta property=\"og:title\" content=\"Contact - Entreprise de nettoyage\" \/>\n<meta property=\"og:description\" content=\"[vc_row css=&#8221;.vc_custom_1549604298806{margin-top: -25px !important;}&#8221;][vc_column][vc_column_text] Contact [\/vc_column_text][\/vc_column][\/vc_row][vc_row el_class=&#8221;Contact-pages-1&#8243;][vc_column el_class=&#8221;side-contact-1&#8243;][vc_column_text]Contactez Nous (Pour postuler merci de joindre une lettre de motivation et un CV)[\/vc_column_text][\/vc_column][\/vc_row][vc_row][vc_column][vc_empty_space][\/vc_column][\/vc_row]\" \/>\n<meta property=\"og:url\" content=\"https:\/\/ab-environnement.fr\/?page_id=302\" \/>\n<meta property=\"og:site_name\" content=\"Entreprise de nettoyage\" \/>\n<meta property=\"article:modified_time\" content=\"2021-10-27T08:37:34+00:00\" \/>\n<meta name=\"twitter:card\" content=\"summary_large_image\" \/>\n<script type=\"application\/ld+json\" class=\"yoast-schema-graph\">{\"@context\":\"https:\\\/\\\/schema.org\",\"@graph\":[{\"@type\":\"WebPage\",\"@id\":\"https:\\\/\\\/ab-environnement.fr\\\/?page_id=302\",\"url\":\"https:\\\/\\\/ab-environnement.fr\\\/?page_id=302\",\"name\":\"Contact - Entreprise de nettoyage\",\"isPartOf\":{\"@id\":\"https:\\\/\\\/ab-environnement.fr\\\/#website\"},\"datePublished\":\"2017-06-21T05:00:59+00:00\",\"dateModified\":\"2021-10-27T08:37:34+00:00\",\"breadcrumb\":{\"@id\":\"https:\\\/\\\/ab-environnement.fr\\\/?page_id=302#breadcrumb\"},\"inLanguage\":\"fr-FR\",\"potentialAction\":[{\"@type\":\"ReadAction\",\"target\":[\"https:\\\/\\\/ab-environnement.fr\\\/?page_id=302\"]}]},{\"@type\":\"BreadcrumbList\",\"@id\":\"https:\\\/\\\/ab-environnement.fr\\\/?page_id=302#breadcrumb\",\"itemListElement\":[{\"@type\":\"ListItem\",\"position\":1,\"name\":\"Home\",\"item\":\"https:\\\/\\\/ab-environnement.fr\\\/\"},{\"@type\":\"ListItem\",\"position\":2,\"name\":\"Contact\"}]},{\"@type\":\"WebSite\",\"@id\":\"https:\\\/\\\/ab-environnement.fr\\\/#website\",\"url\":\"https:\\\/\\\/ab-environnement.fr\\\/\",\"name\":\"Entreprise de nettoyage\",\"description\":\"La propret\u00e9 au service de votre environnement\",\"publisher\":{\"@id\":\"https:\\\/\\\/ab-environnement.fr\\\/#organization\"},\"potentialAction\":[{\"@type\":\"SearchAction\",\"target\":{\"@type\":\"EntryPoint\",\"urlTemplate\":\"https:\\\/\\\/ab-environnement.fr\\\/?s={search_term_string}\"},\"query-input\":{\"@type\":\"PropertyValueSpecification\",\"valueRequired\":true,\"valueName\":\"search_term_string\"}}],\"inLanguage\":\"fr-FR\"},{\"@type\":\"Organization\",\"@id\":\"https:\\\/\\\/ab-environnement.fr\\\/#organization\",\"name\":\"AB-environnement\",\"url\":\"https:\\\/\\\/ab-environnement.fr\\\/\",\"logo\":{\"@type\":\"ImageObject\",\"inLanguage\":\"fr-FR\",\"@id\":\"https:\\\/\\\/ab-environnement.fr\\\/#\\\/schema\\\/logo\\\/image\\\/\",\"url\":\"https:\\\/\\\/ab-environnement.fr\\\/wp-content\\\/uploads\\\/2020\\\/12\\\/LogoAB.png\",\"contentUrl\":\"https:\\\/\\\/ab-environnement.fr\\\/wp-content\\\/uploads\\\/2020\\\/12\\\/LogoAB.png\",\"width\":272,\"height\":109,\"caption\":\"AB-environnement\"},\"image\":{\"@id\":\"https:\\\/\\\/ab-environnement.fr\\\/#\\\/schema\\\/logo\\\/image\\\/\"}}]}<\/script>\n<!-- \/ Yoast SEO plugin. -->","yoast_head_json":{"title":"Contact - Entreprise de nettoyage","robots":{"index":"index","follow":"follow","max-snippet":"max-snippet:-1","max-image-preview":"max-image-preview:large","max-video-preview":"max-video-preview:-1"},"canonical":"https:\/\/ab-environnement.fr\/?page_id=302","og_locale":"fr_FR","og_type":"article","og_title":"Contact - Entreprise de nettoyage","og_description":"[vc_row css=&#8221;.vc_custom_1549604298806{margin-top: -25px !important;}&#8221;][vc_column][vc_column_text] Contact [\/vc_column_text][\/vc_column][\/vc_row][vc_row el_class=&#8221;Contact-pages-1&#8243;][vc_column el_class=&#8221;side-contact-1&#8243;][vc_column_text]Contactez Nous (Pour postuler merci de joindre une lettre de motivation et un CV)[\/vc_column_text][\/vc_column][\/vc_row][vc_row][vc_column][vc_empty_space][\/vc_column][\/vc_row]","og_url":"https:\/\/ab-environnement.fr\/?page_id=302","og_site_name":"Entreprise de nettoyage","article_modified_time":"2021-10-27T08:37:34+00:00","twitter_card":"summary_large_image","schema":{"@context":"https:\/\/schema.org","@graph":[{"@type":"WebPage","@id":"https:\/\/ab-environnement.fr\/?page_id=302","url":"https:\/\/ab-environnement.fr\/?page_id=302","name":"Contact - Entreprise de nettoyage","isPartOf":{"@id":"https:\/\/ab-environnement.fr\/#website"},"datePublished":"2017-06-21T05:00:59+00:00","dateModified":"2021-10-27T08:37:34+00:00","breadcrumb":{"@id":"https:\/\/ab-environnement.fr\/?page_id=302#breadcrumb"},"inLanguage":"fr-FR","potentialAction":[{"@type":"ReadAction","target":["https:\/\/ab-environnement.fr\/?page_id=302"]}]},{"@type":"BreadcrumbList","@id":"https:\/\/ab-environnement.fr\/?page_id=302#breadcrumb","itemListElement":[{"@type":"ListItem","position":1,"name":"Home","item":"https:\/\/ab-environnement.fr\/"},{"@type":"ListItem","position":2,"name":"Contact"}]},{"@type":"WebSite","@id":"https:\/\/ab-environnement.fr\/#website","url":"https:\/\/ab-environnement.fr\/","name":"Entreprise de nettoyage","description":"La propret\u00e9 au service de votre environnement","publisher":{"@id":"https:\/\/ab-environnement.fr\/#organization"},"potentialAction":[{"@type":"SearchAction","target":{"@type":"EntryPoint","urlTemplate":"https:\/\/ab-environnement.fr\/?s={search_term_string}"},"query-input":{"@type":"PropertyValueSpecification","valueRequired":true,"valueName":"search_term_string"}}],"inLanguage":"fr-FR"},{"@type":"Organization","@id":"https:\/\/ab-environnement.fr\/#organization","name":"AB-environnement","url":"https:\/\/ab-environnement.fr\/","logo":{"@type":"ImageObject","inLanguage":"fr-FR","@id":"https:\/\/ab-environnement.fr\/#\/schema\/logo\/image\/","url":"https:\/\/ab-environnement.fr\/wp-content\/uploads\/2020\/12\/LogoAB.png","contentUrl":"https:\/\/ab-environnement.fr\/wp-content\/uploads\/2020\/12\/LogoAB.png","width":272,"height":109,"caption":"AB-environnement"},"image":{"@id":"https:\/\/ab-environnement.fr\/#\/schema\/logo\/image\/"}}]}},"_links":{"self":[{"href":"https:\/\/ab-environnement.fr\/index.php?rest_route=\/wp\/v2\/pages\/302","targetHints":{"allow":["GET"]}}],"collection":[{"href":"https:\/\/ab-environnement.fr\/index.php?rest_route=\/wp\/v2\/pages"}],"about":[{"href":"https:\/\/ab-environnement.fr\/index.php?rest_route=\/wp\/v2\/types\/page"}],"author":[{"embeddable":true,"href":"https:\/\/ab-environnement.fr\/index.php?rest_route=\/wp\/v2\/users\/1"}],"replies":[{"embeddable":true,"href":"https:\/\/ab-environnement.fr\/index.php?rest_route=%2Fwp%2Fv2%2Fcomments&post=302"}],"version-history":[{"count":7,"href":"https:\/\/ab-environnement.fr\/index.php?rest_route=\/wp\/v2\/pages\/302\/revisions"}],"predecessor-version":[{"id":1439,"href":"https:\/\/ab-environnement.fr\/index.php?rest_route=\/wp\/v2\/pages\/302\/revisions\/1439"}],"wp:attachment":[{"href":"https:\/\/ab-environnement.fr\/index.php?rest_route=%2Fwp%2Fv2%2Fmedia&parent=302"}],"curies":[{"name":"wp","href":"https:\/\/api.w.org\/{rel}","templated":true}]}}